{"id":3241,"date":"2023-07-13T15:52:29","date_gmt":"2023-07-13T15:52:29","guid":{"rendered":"https:\/\/eczemahelp.ca\/avis-juridiques\/"},"modified":"2024-09-13T03:17:11","modified_gmt":"2024-09-13T03:17:11","slug":"avis-juridiques","status":"publish","type":"page","link":"https:\/\/eczemahelp.ca\/fr\/avis-juridiques\/","title":{"rendered":"Avis juridiques et politique de confidentialit\u00e9"},"content":{"rendered":"<p><strong>Avis de non-responsabilit\u00e9 m\u00e9dicale<\/strong><\/p>\n<p>L\u2019information contenue dans ce site Web et fournie par la Soci\u00e9t\u00e9 canadienne de l\u2019ecz\u00e9ma (SCE)\/Eczema Society of Canada, les employ\u00e9s ou les b\u00e9n\u00e9voles de la SCE refl\u00e8te les normes canadiennes actuelles en mati\u00e8re de traitement de l\u2019ecz\u00e9ma; elle ne vise aucunement \u00e0 dicter le choix d\u2019un traitement exclusif. Vous devez toujours consulter un m\u00e9decin qualifi\u00e9 en vue d\u2019obtenir un diagnostic, un traitement et des conseils.<\/p>\n<p>La m\u00e9decine est une science en constante \u00e9volution, et les traitements ne sont pas tous clairement \u00e9tablis. De nouveaux travaux de recherche modifient quotidiennement les m\u00e9dicaments et les traitements. Les auteurs, les r\u00e9viseurs et l\u2019\u00e9diteur de ce site Web ont, dans la mesure du possible, fourni des renseignements \u00e0 jour, exacts et g\u00e9n\u00e9ralement accept\u00e9s par le corps m\u00e9dical au moment de leur publication. Nous ne garantissons ni l\u2019exactitude ni l\u2019exhaustivit\u00e9 de l\u2019information contenue sur ce site Web ni de nos communications. Le lecteur doit faire confirmer les renseignements affich\u00e9s sur ce site Web par d\u2019autres sources avant de les mettre en pratique.<\/p>\n<p><strong>D\u00e9claration de consentement<\/strong><\/p>\n<p>En cliquant sur l\u2019entente de consentement sur nos formulaires, vous consentez \u00e0 ce que la Soci\u00e9t\u00e9 canadienne de l\u2019ecz\u00e9ma\/Eczema Society of Canada vous envoie des communications, y compris des messages \u00e9lectroniques comme des (i) bulletins, mises \u00e0 jour et autres publications connexes; (ii) avis; et (iii) invitations \u00e0 des \u00e9v\u00e9nements, s\u00e9minaires et activit\u00e9s-b\u00e9n\u00e9fice. La SCE peut aussi communiquer avec vous par courrier, \u00e0 l\u2019occasion.<\/p>\n<p>Il est possible de retirer votre consentement ou de vous d\u00e9sinscrire en tout temps en communiquant avec la SCE par courriel, \u00e0 <a href=\"mailto:info@eczemahelp.ca\">info@eczemahelp.ca<\/a>, par t\u00e9l\u00e9phone, au 1-855-329-3621, ou par courrier, \u00e0 l\u2019adresse 411 The Queensway South, C.P. 25009, Keswick (Ontario)\u00a0 L4P 4C2.<\/p>\n<p><strong>Avis relatif au sceau d\u2019acceptation<\/strong><\/p>\n<p>Pour obtenir de plus amples renseignements sur un produit en particulier, veuillez communiquer avec le fabricant. Le contenu fourni par la SCE est uniquement pr\u00e9vu \u00e0 des fins de r\u00e9f\u00e9rence et n\u2019est pas destin\u00e9 \u00e0 remplacer les conseils d\u2019un m\u00e9decin, d\u2019un pharmacien ou d\u2019un autre professionnel de la sant\u00e9 agr\u00e9\u00e9. Vous ne devez pas utiliser ces renseignements aux fins d\u2019autodiagnostic ou pour traiter un probl\u00e8me de sant\u00e9 ou une maladie. Pour obtenir des conseils concernant le choix des produits, la SCE recommande de s\u2019adresser \u00e0 son prestataire de soins de sant\u00e9. La SCE recommande \u00e9galement de communiquer imm\u00e9diatement avec son prestataire de soins de sant\u00e9 si un probl\u00e8me m\u00e9dical est soup\u00e7onn\u00e9.<\/p>\n<p>Les produits qui ont obtenu le Sceau d\u2019acceptation de la Soci\u00e9t\u00e9 canadienne de l\u2019ecz\u00e9ma peuvent contenir des irritants potentiels \u00e0 des taux de concentration jug\u00e9s n\u00e9gligeables pour la plupart des gens. Certaines personnes atteintes d\u2019ecz\u00e9ma peuvent n\u00e9anmoins constater qu\u2019elles ne tol\u00e8rent pas certains produits ou certains ingr\u00e9dients. Dans de rares cas, certaines personnes sont allergiques \u00e0 des ingr\u00e9dients particuliers qui sont bien tol\u00e9r\u00e9s par d\u2019autres.<\/p>\n<p>La SCE recommande de tester tout nouveau produit de soins personnels sur une petite surface de peau avant de l\u2019appliquer sur une plus grande surface; les nettoyants, cependant, ne doivent jamais \u00eatre laiss\u00e9s sur la peau. En cas d\u2019irritation, la SCE recommande de ne pas utiliser le produit et de consulter un professionnel de la sant\u00e9.<\/p>\n<p>En ce qui concerne les produits en vente libre, la SCE rappelle aux consommateurs que tous les m\u00e9dicaments, y compris ceux en vente libre, sont associ\u00e9s \u00e0 des risques et peuvent occasionner des effets secondaires. Il est rappel\u00e9 aux consommateurs de lire et de suivre les directives du fabricant et du pharmacien et de consulter leur prestataire de soins de sant\u00e9 avant d\u2019utiliser tout m\u00e9dicament ou si l\u2019\u00e9tat de leur peau se d\u00e9t\u00e9riore pendant ou apr\u00e8s l\u2019utilisation.<\/p>\n<p>La SCE d\u00e9cline toute responsabilit\u00e9 pour les inexactitudes ou les d\u00e9clarations erron\u00e9es concernant tout produit ou pour toute cons\u00e9quence d\u00e9coulant de l\u2019utilisation de produits.<\/p>\n<p>La SCE ne fait aucune d\u00e9claration et n\u2019offre aucune garantie concernant les produits portant son Sceau d\u2019acceptation, y compris toute garantie implicite de qualit\u00e9 marchande ou de compatibilit\u00e9 pour un usage particulier.<\/p>\n<p><strong>Politique de confidentialit\u00e9<\/strong><\/p>\n<p>Tout renseignement recueilli par la Soci\u00e9t\u00e9 canadienne de l\u2019ecz\u00e9ma (SCE)\/Eczema Society of Canada est utilis\u00e9 uniquement par la Soci\u00e9t\u00e9 et ne sera jamais vendu ni transmis \u00e0 une tierce partie. Le respect de votre vie priv\u00e9e et la confidentialit\u00e9 de vos renseignements sont importants pour nous. Nous pourrions vous informer \u00e0 propos d\u2019\u00e9v\u00e9nements qui auront lieu dans votre r\u00e9gion, ou vous transmettre nos bulletins ou des renseignements sur de nouveaux traitements contre l\u2019ecz\u00e9ma.<\/p>\n","protected":false},"excerpt":{"rendered":"<p>Avis de non-responsabilit\u00e9 m\u00e9dicale L\u2019information contenue dans ce site Web et fournie par la Soci\u00e9t\u00e9 canadienne de l\u2019ecz\u00e9ma (SCE)\/Eczema Society of Canada, les employ\u00e9s ou les b\u00e9n\u00e9voles de la SCE refl\u00e8te les normes canadiennes actuelles en mati\u00e8re de traitement de l\u2019ecz\u00e9ma; elle ne vise aucunement \u00e0 dicter le choix d\u2019un traitement exclusif. Vous devez toujours [&hellip;]<\/p>\n","protected":false},"author":4,"featured_media":1697,"parent":0,"menu_order":0,"comment_status":"closed","ping_status":"closed","template":"","meta":{"_acf_changed":false,"footnotes":""},"class_list":["post-3241","page","type-page","status-publish","has-post-thumbnail","hentry"],"acf":[],"yoast_head":"<!-- This site is optimized with the Yoast SEO plugin v27.4 - https:\/\/yoast.com\/product\/yoast-seo-wordpress\/ -->\n<title>Avis juridiques et politique de confidentialit\u00e9 | Eczema Society of Canada<\/title>\n<meta name=\"robots\" content=\"index, follow, max-snippet:-1, max-image-preview:large, max-video-preview:-1\" \/>\n<link rel=\"canonical\" href=\"https:\/\/eczemahelp.ca\/fr\/avis-juridiques\/\" \/>\n<meta property=\"og:locale\" content=\"fr_FR\" \/>\n<meta property=\"og:type\" content=\"article\" \/>\n<meta property=\"og:title\" content=\"Avis juridiques et politique de confidentialit\u00e9 | Eczema Society of Canada\" \/>\n<meta property=\"og:description\" content=\"Avis de non-responsabilit\u00e9 m\u00e9dicale L\u2019information contenue dans ce site Web et fournie par la Soci\u00e9t\u00e9 canadienne de l\u2019ecz\u00e9ma (SCE)\/Eczema Society of Canada, les employ\u00e9s ou les b\u00e9n\u00e9voles de la SCE refl\u00e8te les normes canadiennes actuelles en mati\u00e8re de traitement de l\u2019ecz\u00e9ma; elle ne vise aucunement \u00e0 dicter le choix d\u2019un traitement exclusif. Vous devez toujours [&hellip;]\" \/>\n<meta property=\"og:url\" content=\"https:\/\/eczemahelp.ca\/fr\/avis-juridiques\/\" \/>\n<meta property=\"og:site_name\" content=\"Eczema Society of Canada\" \/>\n<meta property=\"article:publisher\" content=\"https:\/\/www.facebook.com\/EczemaSocietyofCanada\" \/>\n<meta property=\"article:modified_time\" content=\"2024-09-13T03:17:11+00:00\" \/>\n<meta property=\"og:image\" content=\"https:\/\/eczemahelp.ca\/wp-content\/uploads\/2023\/06\/volunteer1-1.jpg\" \/>\n\t<meta property=\"og:image:width\" content=\"1900\" \/>\n\t<meta property=\"og:image:height\" content=\"645\" \/>\n\t<meta property=\"og:image:type\" content=\"image\/jpeg\" \/>\n<meta name=\"twitter:card\" content=\"summary_large_image\" \/>\n<meta name=\"twitter:site\" content=\"@EczemaSocietyCA\" \/>\n<meta name=\"twitter:label1\" content=\"Dur\u00e9e de lecture estim\u00e9e\" \/>\n\t<meta name=\"twitter:data1\" content=\"4 minutes\" \/>\n<script type=\"application\/ld+json\" class=\"yoast-schema-graph\">{\"@context\":\"https:\\\/\\\/schema.org\",\"@graph\":[{\"@type\":\"WebPage\",\"@id\":\"https:\\\/\\\/eczemahelp.ca\\\/fr\\\/avis-juridiques\\\/\",\"url\":\"https:\\\/\\\/eczemahelp.ca\\\/fr\\\/avis-juridiques\\\/\",\"name\":\"Avis juridiques et politique de confidentialit\u00e9 | Eczema Society of Canada\",\"isPartOf\":{\"@id\":\"https:\\\/\\\/eczemahelp.ca\\\/#website\"},\"primaryImageOfPage\":{\"@id\":\"https:\\\/\\\/eczemahelp.ca\\\/fr\\\/avis-juridiques\\\/#primaryimage\"},\"image\":{\"@id\":\"https:\\\/\\\/eczemahelp.ca\\\/fr\\\/avis-juridiques\\\/#primaryimage\"},\"thumbnailUrl\":\"https:\\\/\\\/eczemahelp.ca\\\/wp-content\\\/uploads\\\/2023\\\/06\\\/volunteer1-1.jpg\",\"datePublished\":\"2023-07-13T15:52:29+00:00\",\"dateModified\":\"2024-09-13T03:17:11+00:00\",\"breadcrumb\":{\"@id\":\"https:\\\/\\\/eczemahelp.ca\\\/fr\\\/avis-juridiques\\\/#breadcrumb\"},\"inLanguage\":\"fr-FR\",\"potentialAction\":[{\"@type\":\"ReadAction\",\"target\":[\"https:\\\/\\\/eczemahelp.ca\\\/fr\\\/avis-juridiques\\\/\"]}]},{\"@type\":\"ImageObject\",\"inLanguage\":\"fr-FR\",\"@id\":\"https:\\\/\\\/eczemahelp.ca\\\/fr\\\/avis-juridiques\\\/#primaryimage\",\"url\":\"https:\\\/\\\/eczemahelp.ca\\\/wp-content\\\/uploads\\\/2023\\\/06\\\/volunteer1-1.jpg\",\"contentUrl\":\"https:\\\/\\\/eczemahelp.ca\\\/wp-content\\\/uploads\\\/2023\\\/06\\\/volunteer1-1.jpg\",\"width\":1900,\"height\":645},{\"@type\":\"BreadcrumbList\",\"@id\":\"https:\\\/\\\/eczemahelp.ca\\\/fr\\\/avis-juridiques\\\/#breadcrumb\",\"itemListElement\":[{\"@type\":\"ListItem\",\"position\":1,\"name\":\"Home\",\"item\":\"https:\\\/\\\/eczemahelp.ca\\\/fr\\\/\"},{\"@type\":\"ListItem\",\"position\":2,\"name\":\"Avis juridiques et politique de confidentialit\u00e9\"}]},{\"@type\":\"WebSite\",\"@id\":\"https:\\\/\\\/eczemahelp.ca\\\/#website\",\"url\":\"https:\\\/\\\/eczemahelp.ca\\\/\",\"name\":\"Eczema Society of Canada\",\"description\":\"Educational Resources\",\"publisher\":{\"@id\":\"https:\\\/\\\/eczemahelp.ca\\\/#organization\"},\"potentialAction\":[{\"@type\":\"SearchAction\",\"target\":{\"@type\":\"EntryPoint\",\"urlTemplate\":\"https:\\\/\\\/eczemahelp.ca\\\/?s={search_term_string}\"},\"query-input\":{\"@type\":\"PropertyValueSpecification\",\"valueRequired\":true,\"valueName\":\"search_term_string\"}}],\"inLanguage\":\"fr-FR\"},{\"@type\":\"Organization\",\"@id\":\"https:\\\/\\\/eczemahelp.ca\\\/#organization\",\"name\":\"Eczema Society of Canada\",\"url\":\"https:\\\/\\\/eczemahelp.ca\\\/\",\"logo\":{\"@type\":\"ImageObject\",\"inLanguage\":\"fr-FR\",\"@id\":\"https:\\\/\\\/eczemahelp.ca\\\/#\\\/schema\\\/logo\\\/image\\\/\",\"url\":\"https:\\\/\\\/eczemahelp.ca\\\/wp-content\\\/uploads\\\/2023\\\/06\\\/logo.png\",\"contentUrl\":\"https:\\\/\\\/eczemahelp.ca\\\/wp-content\\\/uploads\\\/2023\\\/06\\\/logo.png\",\"width\":362,\"height\":360,\"caption\":\"Eczema Society of Canada\"},\"image\":{\"@id\":\"https:\\\/\\\/eczemahelp.ca\\\/#\\\/schema\\\/logo\\\/image\\\/\"},\"sameAs\":[\"https:\\\/\\\/www.facebook.com\\\/EczemaSocietyofCanada\",\"https:\\\/\\\/x.com\\\/EczemaSocietyCA\",\"https:\\\/\\\/www.youtube.com\\\/user\\\/EczemaHelp\",\"https:\\\/\\\/www.instagram.com\\\/eczemasocietyofcanada\\\/\"]}]}<\/script>\n<!-- \/ Yoast SEO plugin. -->","yoast_head_json":{"title":"Avis juridiques et politique de confidentialit\u00e9 | Eczema Society of Canada","robots":{"index":"index","follow":"follow","max-snippet":"max-snippet:-1","max-image-preview":"max-image-preview:large","max-video-preview":"max-video-preview:-1"},"canonical":"https:\/\/eczemahelp.ca\/fr\/avis-juridiques\/","og_locale":"fr_FR","og_type":"article","og_title":"Avis juridiques et politique de confidentialit\u00e9 | Eczema Society of Canada","og_description":"Avis de non-responsabilit\u00e9 m\u00e9dicale L\u2019information contenue dans ce site Web et fournie par la Soci\u00e9t\u00e9 canadienne de l\u2019ecz\u00e9ma (SCE)\/Eczema Society of Canada, les employ\u00e9s ou les b\u00e9n\u00e9voles de la SCE refl\u00e8te les normes canadiennes actuelles en mati\u00e8re de traitement de l\u2019ecz\u00e9ma; elle ne vise aucunement \u00e0 dicter le choix d\u2019un traitement exclusif. Vous devez toujours [&hellip;]","og_url":"https:\/\/eczemahelp.ca\/fr\/avis-juridiques\/","og_site_name":"Eczema Society of Canada","article_publisher":"https:\/\/www.facebook.com\/EczemaSocietyofCanada","article_modified_time":"2024-09-13T03:17:11+00:00","og_image":[{"width":1900,"height":645,"url":"https:\/\/eczemahelp.ca\/wp-content\/uploads\/2023\/06\/volunteer1-1.jpg","type":"image\/jpeg"}],"twitter_card":"summary_large_image","twitter_site":"@EczemaSocietyCA","twitter_misc":{"Dur\u00e9e de lecture estim\u00e9e":"4 minutes"},"schema":{"@context":"https:\/\/schema.org","@graph":[{"@type":"WebPage","@id":"https:\/\/eczemahelp.ca\/fr\/avis-juridiques\/","url":"https:\/\/eczemahelp.ca\/fr\/avis-juridiques\/","name":"Avis juridiques et politique de confidentialit\u00e9 | Eczema Society of Canada","isPartOf":{"@id":"https:\/\/eczemahelp.ca\/#website"},"primaryImageOfPage":{"@id":"https:\/\/eczemahelp.ca\/fr\/avis-juridiques\/#primaryimage"},"image":{"@id":"https:\/\/eczemahelp.ca\/fr\/avis-juridiques\/#primaryimage"},"thumbnailUrl":"https:\/\/eczemahelp.ca\/wp-content\/uploads\/2023\/06\/volunteer1-1.jpg","datePublished":"2023-07-13T15:52:29+00:00","dateModified":"2024-09-13T03:17:11+00:00","breadcrumb":{"@id":"https:\/\/eczemahelp.ca\/fr\/avis-juridiques\/#breadcrumb"},"inLanguage":"fr-FR","potentialAction":[{"@type":"ReadAction","target":["https:\/\/eczemahelp.ca\/fr\/avis-juridiques\/"]}]},{"@type":"ImageObject","inLanguage":"fr-FR","@id":"https:\/\/eczemahelp.ca\/fr\/avis-juridiques\/#primaryimage","url":"https:\/\/eczemahelp.ca\/wp-content\/uploads\/2023\/06\/volunteer1-1.jpg","contentUrl":"https:\/\/eczemahelp.ca\/wp-content\/uploads\/2023\/06\/volunteer1-1.jpg","width":1900,"height":645},{"@type":"BreadcrumbList","@id":"https:\/\/eczemahelp.ca\/fr\/avis-juridiques\/#breadcrumb","itemListElement":[{"@type":"ListItem","position":1,"name":"Home","item":"https:\/\/eczemahelp.ca\/fr\/"},{"@type":"ListItem","position":2,"name":"Avis juridiques et politique de confidentialit\u00e9"}]},{"@type":"WebSite","@id":"https:\/\/eczemahelp.ca\/#website","url":"https:\/\/eczemahelp.ca\/","name":"Eczema Society of Canada","description":"Educational Resources","publisher":{"@id":"https:\/\/eczemahelp.ca\/#organization"},"potentialAction":[{"@type":"SearchAction","target":{"@type":"EntryPoint","urlTemplate":"https:\/\/eczemahelp.ca\/?s={search_term_string}"},"query-input":{"@type":"PropertyValueSpecification","valueRequired":true,"valueName":"search_term_string"}}],"inLanguage":"fr-FR"},{"@type":"Organization","@id":"https:\/\/eczemahelp.ca\/#organization","name":"Eczema Society of Canada","url":"https:\/\/eczemahelp.ca\/","logo":{"@type":"ImageObject","inLanguage":"fr-FR","@id":"https:\/\/eczemahelp.ca\/#\/schema\/logo\/image\/","url":"https:\/\/eczemahelp.ca\/wp-content\/uploads\/2023\/06\/logo.png","contentUrl":"https:\/\/eczemahelp.ca\/wp-content\/uploads\/2023\/06\/logo.png","width":362,"height":360,"caption":"Eczema Society of Canada"},"image":{"@id":"https:\/\/eczemahelp.ca\/#\/schema\/logo\/image\/"},"sameAs":["https:\/\/www.facebook.com\/EczemaSocietyofCanada","https:\/\/x.com\/EczemaSocietyCA","https:\/\/www.youtube.com\/user\/EczemaHelp","https:\/\/www.instagram.com\/eczemasocietyofcanada\/"]}]}},"_links":{"self":[{"href":"https:\/\/eczemahelp.ca\/fr\/wp-json\/wp\/v2\/pages\/3241","targetHints":{"allow":["GET"]}}],"collection":[{"href":"https:\/\/eczemahelp.ca\/fr\/wp-json\/wp\/v2\/pages"}],"about":[{"href":"https:\/\/eczemahelp.ca\/fr\/wp-json\/wp\/v2\/types\/page"}],"author":[{"embeddable":true,"href":"https:\/\/eczemahelp.ca\/fr\/wp-json\/wp\/v2\/users\/4"}],"replies":[{"embeddable":true,"href":"https:\/\/eczemahelp.ca\/fr\/wp-json\/wp\/v2\/comments?post=3241"}],"version-history":[{"count":0,"href":"https:\/\/eczemahelp.ca\/fr\/wp-json\/wp\/v2\/pages\/3241\/revisions"}],"wp:featuredmedia":[{"embeddable":true,"href":"https:\/\/eczemahelp.ca\/fr\/wp-json\/wp\/v2\/media\/1697"}],"wp:attachment":[{"href":"https:\/\/eczemahelp.ca\/fr\/wp-json\/wp\/v2\/media?parent=3241"}],"curies":[{"name":"wp","href":"https:\/\/api.w.org\/{rel}","templated":true}]}}